{"id":4054,"date":"2025-10-18T18:03:43","date_gmt":"2025-10-18T17:03:43","guid":{"rendered":"https:\/\/playsportshop.com\/?post_type=product&#038;p=4054"},"modified":"2025-10-18T18:03:43","modified_gmt":"2025-10-18T17:03:43","slug":"hermes-baskets-bouncing-tricolore-neoprene","status":"publish","type":"product","link":"https:\/\/playsportshop.com\/?product=hermes-baskets-bouncing-tricolore-neoprene","title":{"rendered":"HERM\u00c8S Baskets Bouncing Tricolore N\u00e9opr\u00e8ne"},"content":{"rendered":"<p data-start=\"1953\" data-end=\"2008\"><strong data-start=\"1953\" data-end=\"2006\">HERM\u00c8S Baskets Bouncing Tricolore N\u00e9opr\u00e8ne<\/strong><\/p>\n<ul data-start=\"2009\" data-end=\"2210\">\n<li data-start=\"2009\" data-end=\"2046\">\n<p data-start=\"2011\" data-end=\"2046\">Serial Code: <strong data-start=\"1953\" data-end=\"2006\">990 37<\/strong><\/p>\n<\/li>\n<li data-start=\"2047\" data-end=\"2066\">\n<p data-start=\"2049\" data-end=\"2066\">Authenticity: \u2014<\/p>\n<\/li>\n<li data-start=\"2067\" data-end=\"2094\">\n<p data-start=\"2069\" data-end=\"2094\">Luxury-inspired sneaker<\/p>\n<\/li>\n<li data-start=\"2095\" data-end=\"2125\">\n<p data-start=\"2097\" data-end=\"2125\">Neoprene and leather upper<\/p>\n<\/li>\n<li data-start=\"2126\" data-end=\"2153\">\n<p data-start=\"2128\" data-end=\"2153\">Lightweight rubber sole<\/p>\n<\/li>\n<li data-start=\"2154\" data-end=\"2176\">\n<p data-start=\"2156\" data-end=\"2176\">Tricolore colorway<\/p>\n<\/li>\n<li data-start=\"2177\" data-end=\"2210\">\n<p data-start=\"2179\" data-end=\"2210\">Sporty yet elegant silhouette<\/p>\n<\/li>\n<\/ul>\n","protected":false},"excerpt":{"rendered":"<p>HERM\u00c8S Baskets Bouncing Tricolore N\u00e9opr\u00e8ne Serial Code: 990 37 Authenticity: \u2014 Luxury-inspired sneaker Neoprene and leather upper Lightweight rubber sole Tricolore colorway Sporty yet elegant silhouette<\/p>\n","protected":false},"featured_media":4060,"comment_status":"open","ping_status":"closed","template":"","meta":{"_joinchat":[]},"product_brand":[58],"product_cat":[22],"product_tag":[],"class_list":{"0":"post-4054","1":"product","2":"type-product","3":"status-publish","4":"has-post-thumbnail","6":"product_brand-hermes","7":"product_cat-baskets","9":"first","10":"instock","11":"shipping-taxable","12":"purchasable","13":"product-type-variable"},"_links":{"self":[{"href":"https:\/\/playsportshop.com\/index.php?rest_route=\/wp\/v2\/product\/4054","targetHints":{"allow":["GET"]}}],"collection":[{"href":"https:\/\/playsportshop.com\/index.php?rest_route=\/wp\/v2\/product"}],"about":[{"href":"https:\/\/playsportshop.com\/index.php?rest_route=\/wp\/v2\/types\/product"}],"replies":[{"embeddable":true,"href":"https:\/\/playsportshop.com\/index.php?rest_route=%2Fwp%2Fv2%2Fcomments&post=4054"}],"wp:featuredmedia":[{"embeddable":true,"href":"https:\/\/playsportshop.com\/index.php?rest_route=\/wp\/v2\/media\/4060"}],"wp:attachment":[{"href":"https:\/\/playsportshop.com\/index.php?rest_route=%2Fwp%2Fv2%2Fmedia&parent=4054"}],"wp:term":[{"taxonomy":"product_brand","embeddable":true,"href":"https:\/\/playsportshop.com\/index.php?rest_route=%2Fwp%2Fv2%2Fproduct_brand&post=4054"},{"taxonomy":"product_cat","embeddable":true,"href":"https:\/\/playsportshop.com\/index.php?rest_route=%2Fwp%2Fv2%2Fproduct_cat&post=4054"},{"taxonomy":"product_tag","embeddable":true,"href":"https:\/\/playsportshop.com\/index.php?rest_route=%2Fwp%2Fv2%2Fproduct_tag&post=4054"}],"curies":[{"name":"wp","href":"https:\/\/api.w.org\/{rel}","templated":true}]}}